{"id":1589,"date":"2024-01-20T17:33:48","date_gmt":"2024-01-20T16:33:48","guid":{"rendered":"https:\/\/conseil-couples-education-affective-jeunes.fr\/?page_id=1589"},"modified":"2024-01-20T18:23:45","modified_gmt":"2024-01-20T17:23:45","slug":"page-test-conseil-conjugal-a-plerin","status":"publish","type":"page","link":"https:\/\/conseil-couples-education-affective-jeunes.fr\/index.php\/accueil\/page-test-conseil-conjugal-a-plerin\/","title":{"rendered":"Conseil conjugal \u00e0 Pl\u00e9rin"},"content":{"rendered":"\n<h2 class=\"wp-block-heading\">Conseil conjugal \u00e0 Pl\u00e9rin<\/h2>\n\n\n\n<figure class=\"wp-block-image size-large is-resized\"><img loading=\"lazy\" decoding=\"async\" width=\"845\" height=\"1024\" src=\"https:\/\/conseil-couples-education-affective-jeunes.fr\/wp-content\/uploads\/2022\/04\/photo-3-10-rognee-845x1024.jpg\" alt=\"\" class=\"wp-image-895\" style=\"width:186px;height:auto\" srcset=\"https:\/\/conseil-couples-education-affective-jeunes.fr\/wp-content\/uploads\/2022\/04\/photo-3-10-rognee-845x1024.jpg 845w, https:\/\/conseil-couples-education-affective-jeunes.fr\/wp-content\/uploads\/2022\/04\/photo-3-10-rognee-248x300.jpg 248w, https:\/\/conseil-couples-education-affective-jeunes.fr\/wp-content\/uploads\/2022\/04\/photo-3-10-rognee-768x930.jpg 768w, https:\/\/conseil-couples-education-affective-jeunes.fr\/wp-content\/uploads\/2022\/04\/photo-3-10-rognee-1268x1536.jpg 1268w, https:\/\/conseil-couples-education-affective-jeunes.fr\/wp-content\/uploads\/2022\/04\/photo-3-10-rognee-1691x2048.jpg 1691w\" sizes=\"auto, (max-width: 845px) 100vw, 845px\" \/><\/figure>\n\n\n\n<p>Conseill\u00e8re conjugale et familiale dipl\u00f4m\u00e9e, je vous accompagne en toute confidentialit\u00e9, dans un cadre neutre et s\u00e9curisant.<\/p>\n\n\n\n<p>Difficult\u00e9s de communication, grossesse, avortement, sexualit\u00e9, contraception, places, r\u00f4les, conflits, s\u00e9parations, violences physiques et verbales, addictions, organisation, projets, choix \u2026 Je vous accompagne dans votre recherche de solutions et de mieux \u00eatre.<\/p>\n\n\n\n<p>Je vous re\u00e7ois \u00e0 Pl\u00e9rin, \u00e0 proximit\u00e9 du Port du L\u00e9gu\u00e9 de Saint Brieuc. Pl\u00e9rin est travers\u00e9 par la RN12, je suis situ\u00e9e c\u00f4t\u00e9 mer de la RN12, c\u00f4t\u00e9 Saint Laurent de la Mer.<\/p>\n\n\n\n<p>Pas de souci pour vous garer, un parking gratuit est accessible juste en face de la maison o\u00f9 je vous accueille.<\/p>\n\n\n\n<p>Pour me contacter, vous pouvez utiliser le formulaire ci-dessous ou m&rsquo;appeler au 07.82.60.86.99. N&rsquo;h\u00e9sitez pas \u00e0 me laisser un message, je vous rappellerai d\u00e8s que possible.<\/p>\n\n\n\n<div class=\"wp-block-contact-form-7-contact-form-selector\"><div role=\"form\" class=\"wpcf7\" id=\"wpcf7-f111-o1\" lang=\"fr-FR\" dir=\"ltr\">\n<div class=\"screen-reader-response\"><p role=\"status\" aria-live=\"polite\" aria-atomic=\"true\"><\/p> <ul><\/ul><\/div>\n<form action=\"\/index.php\/wp-json\/wp\/v2\/pages\/1589#wpcf7-f111-o1\" method=\"post\" class=\"wpcf7-form init\" novalidate=\"novalidate\" data-status=\"init\">\n<div style=\"display: none;\">\n<input type=\"hidden\" name=\"_wpcf7\" value=\"111\" \/>\n<input type=\"hidden\" name=\"_wpcf7_version\" value=\"5.5.6\" \/>\n<input type=\"hidden\" name=\"_wpcf7_locale\" value=\"fr_FR\" \/>\n<input type=\"hidden\" name=\"_wpcf7_unit_tag\" value=\"wpcf7-f111-o1\" \/>\n<input type=\"hidden\" name=\"_wpcf7_container_post\" value=\"0\" \/>\n<input type=\"hidden\" name=\"_wpcf7_posted_data_hash\" value=\"\" \/>\n<\/div>\n<p><label> Votre nom<br \/>\n    <span class=\"wpcf7-form-control-wrap your-name\"><input type=\"text\" name=\"your-name\" value=\"\" size=\"40\" class=\"wpcf7-form-control wpcf7-text wpcf7-validates-as-required\" aria-required=\"true\" aria-invalid=\"false\" \/><\/span> <\/label><\/p>\n<p><label> Votre e-mail<br \/>\n    <span class=\"wpcf7-form-control-wrap your-email\"><input type=\"email\" name=\"your-email\" value=\"\" size=\"40\" class=\"wpcf7-form-control wpcf7-text wpcf7-email wpcf7-validates-as-required wpcf7-validates-as-email\" aria-required=\"true\" aria-invalid=\"false\" \/><\/span> <\/label><\/p>\n<p><label> Objet<br \/>\n    <span class=\"wpcf7-form-control-wrap your-subject\"><input type=\"text\" name=\"your-subject\" value=\"\" size=\"40\" class=\"wpcf7-form-control wpcf7-text wpcf7-validates-as-required\" aria-required=\"true\" aria-invalid=\"false\" \/><\/span> <\/label><\/p>\n<p><label> Votre message (facultatif)<br \/>\n    <span class=\"wpcf7-form-control-wrap your-message\"><textarea name=\"your-message\" cols=\"40\" rows=\"10\" class=\"wpcf7-form-control wpcf7-textarea\" aria-invalid=\"false\"><\/textarea><\/span> <\/label><\/p>\n<p><input type=\"submit\" value=\"Envoyer\" class=\"wpcf7-form-control has-spinner wpcf7-submit\" \/><\/p>\n<div class=\"wpcf7-response-output\" aria-hidden=\"true\"><\/div><\/form><\/div><\/div>\n\n\n\n<p>Sophie DUBERN, Conseil Conjugal et Familial, Education Affective Relationnelle et Sexuelle, Pl\u00e9rin &#8211; Saint Brieuc, C\u00f4tes d&rsquo;Armor (22)<\/p>\n\n\n\n<ul class=\"wp-block-social-links is-layout-flex wp-block-social-links-is-layout-flex\"><\/ul>\n","protected":false},"excerpt":{"rendered":"<p>Conseil conjugal \u00e0 Pl\u00e9rin Conseill\u00e8re conjugale et familiale dipl\u00f4m\u00e9e, je vous accompagne en toute confidentialit\u00e9, dans un cadre neutre et s\u00e9curisant. Difficult\u00e9s de communication, grossesse, avortement, sexualit\u00e9, contraception, places, r\u00f4les, conflits, s\u00e9parations, violences physiques et verbales, addictions, organisation, projets, choix \u2026 Je vous accompagne dans votre recherche de solutions et de mieux \u00eatre. Je vous [&hellip;]<\/p>\n","protected":false},"author":1,"featured_media":0,"parent":32,"menu_order":0,"comment_status":"closed","ping_status":"closed","template":"wp-custom-template-perso-esd-1","meta":{"footnotes":""},"class_list":["post-1589","page","type-page","status-publish","hentry"],"yoast_head":"<!-- This site is optimized with the Yoast SEO plugin v27.4 - https:\/\/yoast.com\/product\/yoast-seo-wordpress\/ -->\n<title>Conseil conjugal \u00e0 Pl\u00e9rin<\/title>\n<meta name=\"description\" content=\"Conseill\u00e8re conjugale et familiale dipl\u00f4m\u00e9e, je re\u00e7ois en entretien \u00e0 Pl\u00e9rin, pr\u00e8s du Port du L\u00e9gu\u00e9. Acc\u00e8s rapide RN 12. Parking gratuit.\" \/>\n<meta name=\"robots\" content=\"index, follow, max-snippet:-1, max-image-preview:large, max-video-preview:-1\" \/>\n<link rel=\"canonical\" href=\"https:\/\/conseil-couples-education-affective-jeunes.fr\/index.php\/accueil\/page-test-conseil-conjugal-a-plerin\/\" \/>\n<meta property=\"og:locale\" content=\"fr_FR\" \/>\n<meta property=\"og:type\" content=\"article\" \/>\n<meta property=\"og:title\" content=\"Conseil conjugal \u00e0 Pl\u00e9rin\" \/>\n<meta property=\"og:description\" content=\"Conseill\u00e8re conjugale et familiale dipl\u00f4m\u00e9e, je re\u00e7ois en entretien \u00e0 Pl\u00e9rin, pr\u00e8s du Port du L\u00e9gu\u00e9. Acc\u00e8s rapide RN 12. Parking gratuit.\" \/>\n<meta property=\"og:url\" content=\"https:\/\/conseil-couples-education-affective-jeunes.fr\/index.php\/accueil\/page-test-conseil-conjugal-a-plerin\/\" \/>\n<meta property=\"og:site_name\" content=\"Sophie DUBERN, Conseil Conjugal et Education Affective\" \/>\n<meta property=\"article:modified_time\" content=\"2024-01-20T17:23:45+00:00\" \/>\n<meta property=\"og:image\" content=\"https:\/\/conseil-couples-education-affective-jeunes.fr\/wp-content\/uploads\/2022\/04\/photo-3-10-rognee-845x1024.jpg\" \/>\n<meta name=\"twitter:card\" content=\"summary_large_image\" \/>\n<meta name=\"twitter:label1\" content=\"Dur\u00e9e de lecture estim\u00e9e\" \/>\n\t<meta name=\"twitter:data1\" content=\"1 minute\" \/>\n<script type=\"application\/ld+json\" class=\"yoast-schema-graph\">{\"@context\":\"https:\\\/\\\/schema.org\",\"@graph\":[{\"@type\":\"WebPage\",\"@id\":\"https:\\\/\\\/conseil-couples-education-affective-jeunes.fr\\\/index.php\\\/accueil\\\/page-test-conseil-conjugal-a-plerin\\\/\",\"url\":\"https:\\\/\\\/conseil-couples-education-affective-jeunes.fr\\\/index.php\\\/accueil\\\/page-test-conseil-conjugal-a-plerin\\\/\",\"name\":\"Conseil conjugal \u00e0 Pl\u00e9rin\",\"isPartOf\":{\"@id\":\"https:\\\/\\\/conseil-couples-education-affective-jeunes.fr\\\/#website\"},\"primaryImageOfPage\":{\"@id\":\"https:\\\/\\\/conseil-couples-education-affective-jeunes.fr\\\/index.php\\\/accueil\\\/page-test-conseil-conjugal-a-plerin\\\/#primaryimage\"},\"image\":{\"@id\":\"https:\\\/\\\/conseil-couples-education-affective-jeunes.fr\\\/index.php\\\/accueil\\\/page-test-conseil-conjugal-a-plerin\\\/#primaryimage\"},\"thumbnailUrl\":\"https:\\\/\\\/conseil-couples-education-affective-jeunes.fr\\\/wp-content\\\/uploads\\\/2022\\\/04\\\/photo-3-10-rognee-845x1024.jpg\",\"datePublished\":\"2024-01-20T16:33:48+00:00\",\"dateModified\":\"2024-01-20T17:23:45+00:00\",\"description\":\"Conseill\u00e8re conjugale et familiale dipl\u00f4m\u00e9e, je re\u00e7ois en entretien \u00e0 Pl\u00e9rin, pr\u00e8s du Port du L\u00e9gu\u00e9. Acc\u00e8s rapide RN 12. Parking gratuit.\",\"breadcrumb\":{\"@id\":\"https:\\\/\\\/conseil-couples-education-affective-jeunes.fr\\\/index.php\\\/accueil\\\/page-test-conseil-conjugal-a-plerin\\\/#breadcrumb\"},\"inLanguage\":\"fr-FR\",\"potentialAction\":[{\"@type\":\"ReadAction\",\"target\":[\"https:\\\/\\\/conseil-couples-education-affective-jeunes.fr\\\/index.php\\\/accueil\\\/page-test-conseil-conjugal-a-plerin\\\/\"]}]},{\"@type\":\"ImageObject\",\"inLanguage\":\"fr-FR\",\"@id\":\"https:\\\/\\\/conseil-couples-education-affective-jeunes.fr\\\/index.php\\\/accueil\\\/page-test-conseil-conjugal-a-plerin\\\/#primaryimage\",\"url\":\"https:\\\/\\\/conseil-couples-education-affective-jeunes.fr\\\/wp-content\\\/uploads\\\/2022\\\/04\\\/photo-3-10-rognee-scaled.jpg\",\"contentUrl\":\"https:\\\/\\\/conseil-couples-education-affective-jeunes.fr\\\/wp-content\\\/uploads\\\/2022\\\/04\\\/photo-3-10-rognee-scaled.jpg\",\"width\":2113,\"height\":2560},{\"@type\":\"BreadcrumbList\",\"@id\":\"https:\\\/\\\/conseil-couples-education-affective-jeunes.fr\\\/index.php\\\/accueil\\\/page-test-conseil-conjugal-a-plerin\\\/#breadcrumb\",\"itemListElement\":[{\"@type\":\"ListItem\",\"position\":1,\"name\":\"Accueil\",\"item\":\"https:\\\/\\\/conseil-couples-education-affective-jeunes.fr\\\/\"},{\"@type\":\"ListItem\",\"position\":2,\"name\":\"Accueil\",\"item\":\"https:\\\/\\\/conseil-couples-education-affective-jeunes.fr\\\/\"},{\"@type\":\"ListItem\",\"position\":3,\"name\":\"Conseil conjugal \u00e0 Pl\u00e9rin\"}]},{\"@type\":\"WebSite\",\"@id\":\"https:\\\/\\\/conseil-couples-education-affective-jeunes.fr\\\/#website\",\"url\":\"https:\\\/\\\/conseil-couples-education-affective-jeunes.fr\\\/\",\"name\":\"Sophie DUBERN, Conseil Conjugal et Education Affective\",\"description\":\"Conseil Conjugal et Education Affective \u00e0 Pl\u00e9rin - Saint Brieuc (22)t\",\"potentialAction\":[{\"@type\":\"SearchAction\",\"target\":{\"@type\":\"EntryPoint\",\"urlTemplate\":\"https:\\\/\\\/conseil-couples-education-affective-jeunes.fr\\\/?s={search_term_string}\"},\"query-input\":{\"@type\":\"PropertyValueSpecification\",\"valueRequired\":true,\"valueName\":\"search_term_string\"}}],\"inLanguage\":\"fr-FR\"}]}<\/script>\n<!-- \/ Yoast SEO plugin. -->","yoast_head_json":{"title":"Conseil conjugal \u00e0 Pl\u00e9rin","description":"Conseill\u00e8re conjugale et familiale dipl\u00f4m\u00e9e, je re\u00e7ois en entretien \u00e0 Pl\u00e9rin, pr\u00e8s du Port du L\u00e9gu\u00e9. Acc\u00e8s rapide RN 12. Parking gratuit.","robots":{"index":"index","follow":"follow","max-snippet":"max-snippet:-1","max-image-preview":"max-image-preview:large","max-video-preview":"max-video-preview:-1"},"canonical":"https:\/\/conseil-couples-education-affective-jeunes.fr\/index.php\/accueil\/page-test-conseil-conjugal-a-plerin\/","og_locale":"fr_FR","og_type":"article","og_title":"Conseil conjugal \u00e0 Pl\u00e9rin","og_description":"Conseill\u00e8re conjugale et familiale dipl\u00f4m\u00e9e, je re\u00e7ois en entretien \u00e0 Pl\u00e9rin, pr\u00e8s du Port du L\u00e9gu\u00e9. Acc\u00e8s rapide RN 12. Parking gratuit.","og_url":"https:\/\/conseil-couples-education-affective-jeunes.fr\/index.php\/accueil\/page-test-conseil-conjugal-a-plerin\/","og_site_name":"Sophie DUBERN, Conseil Conjugal et Education Affective","article_modified_time":"2024-01-20T17:23:45+00:00","og_image":[{"url":"https:\/\/conseil-couples-education-affective-jeunes.fr\/wp-content\/uploads\/2022\/04\/photo-3-10-rognee-845x1024.jpg","type":"","width":"","height":""}],"twitter_card":"summary_large_image","twitter_misc":{"Dur\u00e9e de lecture estim\u00e9e":"1 minute"},"schema":{"@context":"https:\/\/schema.org","@graph":[{"@type":"WebPage","@id":"https:\/\/conseil-couples-education-affective-jeunes.fr\/index.php\/accueil\/page-test-conseil-conjugal-a-plerin\/","url":"https:\/\/conseil-couples-education-affective-jeunes.fr\/index.php\/accueil\/page-test-conseil-conjugal-a-plerin\/","name":"Conseil conjugal \u00e0 Pl\u00e9rin","isPartOf":{"@id":"https:\/\/conseil-couples-education-affective-jeunes.fr\/#website"},"primaryImageOfPage":{"@id":"https:\/\/conseil-couples-education-affective-jeunes.fr\/index.php\/accueil\/page-test-conseil-conjugal-a-plerin\/#primaryimage"},"image":{"@id":"https:\/\/conseil-couples-education-affective-jeunes.fr\/index.php\/accueil\/page-test-conseil-conjugal-a-plerin\/#primaryimage"},"thumbnailUrl":"https:\/\/conseil-couples-education-affective-jeunes.fr\/wp-content\/uploads\/2022\/04\/photo-3-10-rognee-845x1024.jpg","datePublished":"2024-01-20T16:33:48+00:00","dateModified":"2024-01-20T17:23:45+00:00","description":"Conseill\u00e8re conjugale et familiale dipl\u00f4m\u00e9e, je re\u00e7ois en entretien \u00e0 Pl\u00e9rin, pr\u00e8s du Port du L\u00e9gu\u00e9. Acc\u00e8s rapide RN 12. Parking gratuit.","breadcrumb":{"@id":"https:\/\/conseil-couples-education-affective-jeunes.fr\/index.php\/accueil\/page-test-conseil-conjugal-a-plerin\/#breadcrumb"},"inLanguage":"fr-FR","potentialAction":[{"@type":"ReadAction","target":["https:\/\/conseil-couples-education-affective-jeunes.fr\/index.php\/accueil\/page-test-conseil-conjugal-a-plerin\/"]}]},{"@type":"ImageObject","inLanguage":"fr-FR","@id":"https:\/\/conseil-couples-education-affective-jeunes.fr\/index.php\/accueil\/page-test-conseil-conjugal-a-plerin\/#primaryimage","url":"https:\/\/conseil-couples-education-affective-jeunes.fr\/wp-content\/uploads\/2022\/04\/photo-3-10-rognee-scaled.jpg","contentUrl":"https:\/\/conseil-couples-education-affective-jeunes.fr\/wp-content\/uploads\/2022\/04\/photo-3-10-rognee-scaled.jpg","width":2113,"height":2560},{"@type":"BreadcrumbList","@id":"https:\/\/conseil-couples-education-affective-jeunes.fr\/index.php\/accueil\/page-test-conseil-conjugal-a-plerin\/#breadcrumb","itemListElement":[{"@type":"ListItem","position":1,"name":"Accueil","item":"https:\/\/conseil-couples-education-affective-jeunes.fr\/"},{"@type":"ListItem","position":2,"name":"Accueil","item":"https:\/\/conseil-couples-education-affective-jeunes.fr\/"},{"@type":"ListItem","position":3,"name":"Conseil conjugal \u00e0 Pl\u00e9rin"}]},{"@type":"WebSite","@id":"https:\/\/conseil-couples-education-affective-jeunes.fr\/#website","url":"https:\/\/conseil-couples-education-affective-jeunes.fr\/","name":"Sophie DUBERN, Conseil Conjugal et Education Affective","description":"Conseil Conjugal et Education Affective \u00e0 Pl\u00e9rin - Saint Brieuc (22)t","potentialAction":[{"@type":"SearchAction","target":{"@type":"EntryPoint","urlTemplate":"https:\/\/conseil-couples-education-affective-jeunes.fr\/?s={search_term_string}"},"query-input":{"@type":"PropertyValueSpecification","valueRequired":true,"valueName":"search_term_string"}}],"inLanguage":"fr-FR"}]}},"_links":{"self":[{"href":"https:\/\/conseil-couples-education-affective-jeunes.fr\/index.php\/wp-json\/wp\/v2\/pages\/1589","targetHints":{"allow":["GET"]}}],"collection":[{"href":"https:\/\/conseil-couples-education-affective-jeunes.fr\/index.php\/wp-json\/wp\/v2\/pages"}],"about":[{"href":"https:\/\/conseil-couples-education-affective-jeunes.fr\/index.php\/wp-json\/wp\/v2\/types\/page"}],"author":[{"embeddable":true,"href":"https:\/\/conseil-couples-education-affective-jeunes.fr\/index.php\/wp-json\/wp\/v2\/users\/1"}],"replies":[{"embeddable":true,"href":"https:\/\/conseil-couples-education-affective-jeunes.fr\/index.php\/wp-json\/wp\/v2\/comments?post=1589"}],"version-history":[{"count":9,"href":"https:\/\/conseil-couples-education-affective-jeunes.fr\/index.php\/wp-json\/wp\/v2\/pages\/1589\/revisions"}],"predecessor-version":[{"id":1606,"href":"https:\/\/conseil-couples-education-affective-jeunes.fr\/index.php\/wp-json\/wp\/v2\/pages\/1589\/revisions\/1606"}],"up":[{"embeddable":true,"href":"https:\/\/conseil-couples-education-affective-jeunes.fr\/index.php\/wp-json\/wp\/v2\/pages\/32"}],"wp:attachment":[{"href":"https:\/\/conseil-couples-education-affective-jeunes.fr\/index.php\/wp-json\/wp\/v2\/media?parent=1589"}],"curies":[{"name":"wp","href":"https:\/\/api.w.org\/{rel}","templated":true}]}}